{"id":13185,"date":"2024-09-03T22:52:40","date_gmt":"2024-09-03T22:52:40","guid":{"rendered":"https:\/\/www.titosampaio.com\/web\/?page_id=13185"},"modified":"2025-07-04T14:38:07","modified_gmt":"2025-07-04T14:38:07","slug":"projectos-jardim-lazer","status":"publish","type":"page","link":"https:\/\/www.titosampaio.com\/web\/es\/projectos-jardim-lazer\/","title":{"rendered":"Projectos jardim e lazer"},"content":{"rendered":"\t\t<div data-elementor-type=\"wp-page\" data-elementor-id=\"13185\" class=\"elementor elementor-13185\" data-elementor-post-type=\"page\">\n\t\t\t\t<div class=\"elementor-element elementor-element-96baded e-flex e-con-boxed e-con e-parent\" data-id=\"96baded\" data-element_type=\"container\" data-e-type=\"container\" id=\"topo-jardim\" data-settings=\"{&quot;background_background&quot;:&quot;classic&quot;}\">\n\t\t\t\t\t<div class=\"e-con-inner\">\n\t\t<div class=\"elementor-element elementor-element-55af59e e-con-full e-flex e-con e-child\" data-id=\"55af59e\" data-element_type=\"container\" data-e-type=\"container\">\n\t\t<div class=\"elementor-element elementor-element-284ebbd e-con-full e-flex e-con e-child\" data-id=\"284ebbd\" data-element_type=\"container\" data-e-type=\"container\">\n\t\t\t\t<div class=\"elementor-element elementor-element-2ae5c2a elementor-invisible elementor-widget elementor-widget-heading\" data-id=\"2ae5c2a\" data-element_type=\"widget\" data-e-type=\"widget\" data-settings=\"{&quot;_animation&quot;:&quot;fadeIn&quot;}\" data-widget_type=\"heading.default\">\n\t\t\t\t<div class=\"elementor-widget-container\">\n\t\t\t\t\t<h1 class=\"elementor-heading-title elementor-size-default\">Jardim, lazer e SPA<\/h1>\t\t\t\t<\/div>\n\t\t\t\t<\/div>\n\t\t\t\t<div class=\"elementor-element elementor-element-0bc72a9 elementor-invisible elementor-widget elementor-widget-heading\" data-id=\"0bc72a9\" data-element_type=\"widget\" data-e-type=\"widget\" data-settings=\"{&quot;_animation&quot;:&quot;fadeIn&quot;}\" data-widget_type=\"heading.default\">\n\t\t\t\t<div class=\"elementor-widget-container\">\n\t\t\t\t\t<h2 class=\"elementor-heading-title elementor-size-default\">Espa\u00e7os  exteriores de conv\u00edvio, piscinas e equipamentos<\/h2>\t\t\t\t<\/div>\n\t\t\t\t<\/div>\n\t\t<div class=\"elementor-element elementor-element-37a83eb e-con-full e-flex e-con e-child\" data-id=\"37a83eb\" data-element_type=\"container\" data-e-type=\"container\">\n\t\t\t\t<div class=\"elementor-element elementor-element-0be26cf elementor-widget__width-initial elementor-widget-mobile__width-inherit elementor-invisible elementor-widget elementor-widget-text-editor\" data-id=\"0be26cf\" data-element_type=\"widget\" data-e-type=\"widget\" data-settings=\"{&quot;_animation&quot;:&quot;fadeIn&quot;,&quot;_animation_delay&quot;:&quot;200&quot;}\" data-widget_type=\"text-editor.default\">\n\t\t\t\t<div class=\"elementor-widget-container\">\n\t\t\t\t\t\t\t\t\t<p>Para al\u00e9m dos espa\u00e7os habitacionais interiores temos outras zonas de vertente mais l\u00fadica como jardins, piscinas e spas, gin\u00e1sios que completam e harmonizam a sua casa. <br \/>Estes espa\u00e7os est\u00e3o relacionados com a contempla\u00e7\u00e3o e actividades relacionadas com o nosso bem estar.<\/p>\t\t\t\t\t\t\t\t<\/div>\n\t\t\t\t<\/div>\n\t\t\t\t<\/div>\n\t\t\t\t<\/div>\n\t\t\t\t<\/div>\n\t\t\t\t\t<\/div>\n\t\t\t\t<\/div>\n\t\t<div class=\"elementor-element elementor-element-2d6c9e5 e-flex e-con-boxed e-con e-parent\" data-id=\"2d6c9e5\" data-element_type=\"container\" data-e-type=\"container\" data-settings=\"{&quot;background_background&quot;:&quot;classic&quot;}\">\n\t\t\t\t\t<div class=\"e-con-inner\">\n\t\t\t\t<div class=\"elementor-element elementor-element-d931dc6 elementor-widget elementor-widget-jet-listing-grid\" data-id=\"d931dc6\" data-element_type=\"widget\" data-e-type=\"widget\" data-settings=\"{&quot;columns&quot;:&quot;3&quot;,&quot;columns_tablet&quot;:&quot;2&quot;,&quot;columns_mobile&quot;:&quot;1&quot;}\" data-widget_type=\"jet-listing-grid.default\">\n\t\t\t\t<div class=\"elementor-widget-container\">\n\t\t\t\t\t<div class=\"jet-listing-grid jet-listing\"><div class=\"jet-listing-grid__items grid-col-desk-3 grid-col-tablet-2 grid-col-mobile-1 jet-listing-grid--12045 grid-collapse-gap\" data-queried-id=\"13185|WP_Post\" data-nav=\"{&quot;enabled&quot;:true,&quot;type&quot;:&quot;scroll&quot;,&quot;more_el&quot;:null,&quot;query&quot;:{&quot;post_status&quot;:&quot;publish&quot;,&quot;post_type&quot;:&quot;jardins-lazer&quot;,&quot;posts_per_page&quot;:&quot;16&quot;,&quot;paged&quot;:&quot;1&quot;,&quot;ignore_sticky_posts&quot;:&quot;1&quot;,&quot;signature&quot;:&quot;1c5ded25606c3ce964934f31bfec9601f13fbcd8aaa82aa1ada7862804d90432&quot;},&quot;widget_settings&quot;:{&quot;lisitng_id&quot;:12045,&quot;posts_num&quot;:16,&quot;columns&quot;:3,&quot;columns_tablet&quot;:2,&quot;columns_mobile&quot;:1,&quot;column_min_width&quot;:240,&quot;column_min_width_tablet&quot;:240,&quot;column_min_width_mobile&quot;:240,&quot;inline_columns_css&quot;:false,&quot;is_archive_template&quot;:&quot;&quot;,&quot;post_status&quot;:[&quot;publish&quot;],&quot;use_random_posts_num&quot;:&quot;&quot;,&quot;max_posts_num&quot;:9,&quot;not_found_message&quot;:&quot;No data was found&quot;,&quot;is_masonry&quot;:false,&quot;equal_columns_height&quot;:&quot;&quot;,&quot;use_load_more&quot;:&quot;yes&quot;,&quot;load_more_id&quot;:&quot;&quot;,&quot;load_more_type&quot;:&quot;scroll&quot;,&quot;load_more_offset&quot;:{&quot;unit&quot;:&quot;px&quot;,&quot;size&quot;:0,&quot;sizes&quot;:[]},&quot;use_custom_post_types&quot;:&quot;yes&quot;,&quot;custom_post_types&quot;:[],&quot;hide_widget_if&quot;:&quot;&quot;,&quot;carousel_enabled&quot;:&quot;&quot;,&quot;slides_to_scroll&quot;:&quot;1&quot;,&quot;arrows&quot;:&quot;true&quot;,&quot;arrow_icon&quot;:&quot;fa fa-angle-left&quot;,&quot;dots&quot;:&quot;&quot;,&quot;autoplay&quot;:&quot;true&quot;,&quot;pause_on_hover&quot;:&quot;true&quot;,&quot;autoplay_speed&quot;:5000,&quot;infinite&quot;:&quot;true&quot;,&quot;center_mode&quot;:&quot;&quot;,&quot;effect&quot;:&quot;slide&quot;,&quot;speed&quot;:500,&quot;inject_alternative_items&quot;:&quot;&quot;,&quot;injection_items&quot;:[],&quot;scroll_slider_enabled&quot;:&quot;&quot;,&quot;scroll_slider_on&quot;:[&quot;desktop&quot;,&quot;tablet&quot;,&quot;mobile&quot;],&quot;custom_query&quot;:false,&quot;custom_query_id&quot;:&quot;&quot;,&quot;_element_id&quot;:&quot;&quot;,&quot;collapse_first_last_gap&quot;:&quot;true&quot;,&quot;list_tag_selection&quot;:&quot;&quot;,&quot;list_items_wrapper_tag&quot;:&quot;div&quot;,&quot;list_item_tag&quot;:&quot;div&quot;,&quot;empty_items_wrapper_tag&quot;:&quot;div&quot;}}\" data-page=\"1\" data-pages=\"1\" data-listing-source=\"posts\" data-listing-id=\"12045\" data-query-id=\"\"><div class=\"jet-listing-grid__item jet-listing-dynamic-post-8014\" data-post-id=\"8014\"  >\t\t<div data-elementor-type=\"jet-listing-items\" data-elementor-id=\"12045\" class=\"elementor elementor-12045\" data-elementor-post-type=\"jet-engine\">\n\t\t\t\t<div class=\"elementor-element elementor-element-59c7b1 e-flex e-con-boxed e-con e-parent\" data-id=\"59c7b1\" data-element_type=\"container\" data-e-type=\"container\">\n\t\t\t\t\t<div class=\"e-con-inner\">\n\t\t\t\t<div class=\"elementor-element elementor-element-2d0db0ee elementor-widget elementor-widget-jet-listing-dynamic-image\" data-id=\"2d0db0ee\" data-element_type=\"widget\" data-e-type=\"widget\" data-widget_type=\"jet-listing-dynamic-image.default\">\n\t\t\t\t<div class=\"elementor-widget-container\">\n\t\t\t\t\t<div class=\"jet-listing jet-listing-dynamic-image\" ><a href=\"https:\/\/www.titosampaio.com\/web\/es\/jardins-lazer\/boat-cougar-52\/\" class=\"jet-listing-dynamic-image__link\"><img fetchpriority=\"high\" decoding=\"async\" width=\"768\" height=\"512\" src=\"https:\/\/www.titosampaio.com\/web\/wp-content\/uploads\/2024\/09\/ZSP100.11-768x512.jpg\" class=\"jet-listing-dynamic-image__img attachment-medium_large size-medium_large wp-post-image\" alt=\"ZSP100.11\" srcset=\"https:\/\/www.titosampaio.com\/web\/wp-content\/uploads\/2024\/09\/ZSP100.11-768x512.jpg 768w, https:\/\/www.titosampaio.com\/web\/wp-content\/uploads\/2024\/09\/ZSP100.11-300x200.jpg 300w, https:\/\/www.titosampaio.com\/web\/wp-content\/uploads\/2024\/09\/ZSP100.11.jpg 1024w\" sizes=\"(max-width: 768px) 100vw, 768px\" loading=\"eager\" \/><\/a><\/div>\t\t\t\t<\/div>\n\t\t\t\t<\/div>\n\t\t\t\t<div class=\"elementor-element elementor-element-6d44d98d elementor-widget elementor-widget-jet-listing-dynamic-field\" data-id=\"6d44d98d\" data-element_type=\"widget\" data-e-type=\"widget\" data-widget_type=\"jet-listing-dynamic-field.default\">\n\t\t\t\t<div class=\"elementor-widget-container\">\n\t\t\t\t\t<div class=\"jet-listing jet-listing-dynamic-field display-inline\"><div class=\"jet-listing-dynamic-field__inline-wrap\"><div class=\"jet-listing-dynamic-field__content\" >Boat Cougar 52<\/div><\/div><\/div>\t\t\t\t<\/div>\n\t\t\t\t<\/div>\n\t\t\t\t\t<\/div>\n\t\t\t\t<\/div>\n\t\t\t\t<\/div>\n\t\t<\/div><div class=\"jet-listing-grid__item jet-listing-dynamic-post-8015\" data-post-id=\"8015\"  >\t\t<div data-elementor-type=\"jet-listing-items\" data-elementor-id=\"12045\" class=\"elementor elementor-12045\" data-elementor-post-type=\"jet-engine\">\n\t\t\t\t<div class=\"elementor-element elementor-element-59c7b1 e-flex e-con-boxed e-con e-parent\" data-id=\"59c7b1\" data-element_type=\"container\" data-e-type=\"container\">\n\t\t\t\t\t<div class=\"e-con-inner\">\n\t\t\t\t<div class=\"elementor-element elementor-element-2d0db0ee elementor-widget elementor-widget-jet-listing-dynamic-image\" data-id=\"2d0db0ee\" data-element_type=\"widget\" data-e-type=\"widget\" data-widget_type=\"jet-listing-dynamic-image.default\">\n\t\t\t\t<div class=\"elementor-widget-container\">\n\t\t\t\t\t<div class=\"jet-listing jet-listing-dynamic-image\" ><a href=\"https:\/\/www.titosampaio.com\/web\/es\/jardins-lazer\/piscina-na-baia-de-cascais\/\" class=\"jet-listing-dynamic-image__link\"><img decoding=\"async\" width=\"768\" height=\"576\" src=\"https:\/\/www.titosampaio.com\/web\/wp-content\/uploads\/2024\/09\/ZSP33.4-768x576.jpg\" class=\"jet-listing-dynamic-image__img attachment-medium_large size-medium_large wp-post-image\" alt=\"ZSP33.4\" srcset=\"https:\/\/www.titosampaio.com\/web\/wp-content\/uploads\/2024\/09\/ZSP33.4-768x576.jpg 768w, https:\/\/www.titosampaio.com\/web\/wp-content\/uploads\/2024\/09\/ZSP33.4-300x225.jpg 300w, https:\/\/www.titosampaio.com\/web\/wp-content\/uploads\/2024\/09\/ZSP33.4.jpg 1024w\" sizes=\"(max-width: 768px) 100vw, 768px\" loading=\"eager\" \/><\/a><\/div>\t\t\t\t<\/div>\n\t\t\t\t<\/div>\n\t\t\t\t<div class=\"elementor-element elementor-element-6d44d98d elementor-widget elementor-widget-jet-listing-dynamic-field\" data-id=\"6d44d98d\" data-element_type=\"widget\" data-e-type=\"widget\" data-widget_type=\"jet-listing-dynamic-field.default\">\n\t\t\t\t<div class=\"elementor-widget-container\">\n\t\t\t\t\t<div class=\"jet-listing jet-listing-dynamic-field display-inline\"><div class=\"jet-listing-dynamic-field__inline-wrap\"><div class=\"jet-listing-dynamic-field__content\" >Piscina na Ba\u00eda de Cascais<\/div><\/div><\/div>\t\t\t\t<\/div>\n\t\t\t\t<\/div>\n\t\t\t\t\t<\/div>\n\t\t\t\t<\/div>\n\t\t\t\t<\/div>\n\t\t<\/div><div class=\"jet-listing-grid__item jet-listing-dynamic-post-8016\" data-post-id=\"8016\"  >\t\t<div data-elementor-type=\"jet-listing-items\" data-elementor-id=\"12045\" class=\"elementor elementor-12045\" data-elementor-post-type=\"jet-engine\">\n\t\t\t\t<div class=\"elementor-element elementor-element-59c7b1 e-flex e-con-boxed e-con e-parent\" data-id=\"59c7b1\" data-element_type=\"container\" data-e-type=\"container\">\n\t\t\t\t\t<div class=\"e-con-inner\">\n\t\t\t\t<div class=\"elementor-element elementor-element-2d0db0ee elementor-widget elementor-widget-jet-listing-dynamic-image\" data-id=\"2d0db0ee\" data-element_type=\"widget\" data-e-type=\"widget\" data-widget_type=\"jet-listing-dynamic-image.default\">\n\t\t\t\t<div class=\"elementor-widget-container\">\n\t\t\t\t\t<div class=\"jet-listing jet-listing-dynamic-image\" ><a href=\"https:\/\/www.titosampaio.com\/web\/es\/jardins-lazer\/comporta\/\" class=\"jet-listing-dynamic-image__link\"><img decoding=\"async\" width=\"768\" height=\"576\" src=\"https:\/\/www.titosampaio.com\/web\/wp-content\/uploads\/2024\/09\/ZSP32.8-768x576.jpg\" class=\"jet-listing-dynamic-image__img attachment-medium_large size-medium_large wp-post-image\" alt=\"ZSP32.8\" srcset=\"https:\/\/www.titosampaio.com\/web\/wp-content\/uploads\/2024\/09\/ZSP32.8-768x576.jpg 768w, https:\/\/www.titosampaio.com\/web\/wp-content\/uploads\/2024\/09\/ZSP32.8-300x225.jpg 300w, https:\/\/www.titosampaio.com\/web\/wp-content\/uploads\/2024\/09\/ZSP32.8.jpg 1024w\" sizes=\"(max-width: 768px) 100vw, 768px\" loading=\"eager\" \/><\/a><\/div>\t\t\t\t<\/div>\n\t\t\t\t<\/div>\n\t\t\t\t<div class=\"elementor-element elementor-element-6d44d98d elementor-widget elementor-widget-jet-listing-dynamic-field\" data-id=\"6d44d98d\" data-element_type=\"widget\" data-e-type=\"widget\" data-widget_type=\"jet-listing-dynamic-field.default\">\n\t\t\t\t<div class=\"elementor-widget-container\">\n\t\t\t\t\t<div class=\"jet-listing jet-listing-dynamic-field display-inline\"><div class=\"jet-listing-dynamic-field__inline-wrap\"><div class=\"jet-listing-dynamic-field__content\" >Comporta<\/div><\/div><\/div>\t\t\t\t<\/div>\n\t\t\t\t<\/div>\n\t\t\t\t\t<\/div>\n\t\t\t\t<\/div>\n\t\t\t\t<\/div>\n\t\t<\/div><div class=\"jet-listing-grid__item jet-listing-dynamic-post-8017\" data-post-id=\"8017\"  >\t\t<div data-elementor-type=\"jet-listing-items\" data-elementor-id=\"12045\" class=\"elementor elementor-12045\" data-elementor-post-type=\"jet-engine\">\n\t\t\t\t<div class=\"elementor-element elementor-element-59c7b1 e-flex e-con-boxed e-con e-parent\" data-id=\"59c7b1\" data-element_type=\"container\" data-e-type=\"container\">\n\t\t\t\t\t<div class=\"e-con-inner\">\n\t\t\t\t<div class=\"elementor-element elementor-element-2d0db0ee elementor-widget elementor-widget-jet-listing-dynamic-image\" data-id=\"2d0db0ee\" data-element_type=\"widget\" data-e-type=\"widget\" data-widget_type=\"jet-listing-dynamic-image.default\">\n\t\t\t\t<div class=\"elementor-widget-container\">\n\t\t\t\t\t<div class=\"jet-listing jet-listing-dynamic-image\" ><a href=\"https:\/\/www.titosampaio.com\/web\/es\/jardins-lazer\/piscina-indoor\/\" class=\"jet-listing-dynamic-image__link\"><img decoding=\"async\" width=\"768\" height=\"576\" src=\"https:\/\/www.titosampaio.com\/web\/wp-content\/uploads\/2024\/09\/ZSP36.1-768x576.jpg\" class=\"jet-listing-dynamic-image__img attachment-medium_large size-medium_large wp-post-image\" alt=\"ZSP36.1\" srcset=\"https:\/\/www.titosampaio.com\/web\/wp-content\/uploads\/2024\/09\/ZSP36.1-768x576.jpg 768w, https:\/\/www.titosampaio.com\/web\/wp-content\/uploads\/2024\/09\/ZSP36.1-300x225.jpg 300w, https:\/\/www.titosampaio.com\/web\/wp-content\/uploads\/2024\/09\/ZSP36.1.jpg 1024w\" sizes=\"(max-width: 768px) 100vw, 768px\" loading=\"eager\" \/><\/a><\/div>\t\t\t\t<\/div>\n\t\t\t\t<\/div>\n\t\t\t\t<div class=\"elementor-element elementor-element-6d44d98d elementor-widget elementor-widget-jet-listing-dynamic-field\" data-id=\"6d44d98d\" data-element_type=\"widget\" data-e-type=\"widget\" data-widget_type=\"jet-listing-dynamic-field.default\">\n\t\t\t\t<div class=\"elementor-widget-container\">\n\t\t\t\t\t<div class=\"jet-listing jet-listing-dynamic-field display-inline\"><div class=\"jet-listing-dynamic-field__inline-wrap\"><div class=\"jet-listing-dynamic-field__content\" >Piscina indoor<\/div><\/div><\/div>\t\t\t\t<\/div>\n\t\t\t\t<\/div>\n\t\t\t\t\t<\/div>\n\t\t\t\t<\/div>\n\t\t\t\t<\/div>\n\t\t<\/div><div class=\"jet-listing-grid__item jet-listing-dynamic-post-13101\" data-post-id=\"13101\"  >\t\t<div data-elementor-type=\"jet-listing-items\" data-elementor-id=\"12045\" class=\"elementor elementor-12045\" data-elementor-post-type=\"jet-engine\">\n\t\t\t\t<div class=\"elementor-element elementor-element-59c7b1 e-flex e-con-boxed e-con e-parent\" data-id=\"59c7b1\" data-element_type=\"container\" data-e-type=\"container\">\n\t\t\t\t\t<div class=\"e-con-inner\">\n\t\t\t\t<div class=\"elementor-element elementor-element-2d0db0ee elementor-widget elementor-widget-jet-listing-dynamic-image\" data-id=\"2d0db0ee\" data-element_type=\"widget\" data-e-type=\"widget\" data-widget_type=\"jet-listing-dynamic-image.default\">\n\t\t\t\t<div class=\"elementor-widget-container\">\n\t\t\t\t\t<div class=\"jet-listing jet-listing-dynamic-image\" ><a href=\"https:\/\/www.titosampaio.com\/web\/es\/jardins-lazer\/jardins-e-lazer\/\" class=\"jet-listing-dynamic-image__link\"><img decoding=\"async\" width=\"768\" height=\"576\" src=\"https:\/\/www.titosampaio.com\/web\/wp-content\/uploads\/2024\/09\/ZSP39.0-768x576.jpg\" class=\"jet-listing-dynamic-image__img attachment-medium_large size-medium_large wp-post-image\" alt=\"ZSP39.0\" srcset=\"https:\/\/www.titosampaio.com\/web\/wp-content\/uploads\/2024\/09\/ZSP39.0-768x576.jpg 768w, https:\/\/www.titosampaio.com\/web\/wp-content\/uploads\/2024\/09\/ZSP39.0-300x225.jpg 300w, https:\/\/www.titosampaio.com\/web\/wp-content\/uploads\/2024\/09\/ZSP39.0.jpg 1024w\" sizes=\"(max-width: 768px) 100vw, 768px\" loading=\"eager\" \/><\/a><\/div>\t\t\t\t<\/div>\n\t\t\t\t<\/div>\n\t\t\t\t<div class=\"elementor-element elementor-element-6d44d98d elementor-widget elementor-widget-jet-listing-dynamic-field\" data-id=\"6d44d98d\" data-element_type=\"widget\" data-e-type=\"widget\" data-widget_type=\"jet-listing-dynamic-field.default\">\n\t\t\t\t<div class=\"elementor-widget-container\">\n\t\t\t\t\t<div class=\"jet-listing jet-listing-dynamic-field display-inline\"><div class=\"jet-listing-dynamic-field__inline-wrap\"><div class=\"jet-listing-dynamic-field__content\" >Jardins e Lazer<\/div><\/div><\/div>\t\t\t\t<\/div>\n\t\t\t\t<\/div>\n\t\t\t\t\t<\/div>\n\t\t\t\t<\/div>\n\t\t\t\t<\/div>\n\t\t<\/div><\/div><div class=\"jet-listing-grid__loader\"><div class=\"jet-listing-grid__loader-spinner\"><\/div><\/div><\/div>\t\t\t\t<\/div>\n\t\t\t\t<\/div>\n\t\t\t\t\t<\/div>\n\t\t\t\t<\/div>\n\t\t\t\t<\/div>\n\t\t","protected":false},"excerpt":{"rendered":"<p>Jardim, lazer e SPA Espa\u00e7os exteriores de conv\u00edvio, piscinas e equipamentos Para al\u00e9m dos espa\u00e7os habitacionais interiores temos outras zonas de vertente mais l\u00fadica como jardins, piscinas e spas, gin\u00e1sios que completam e harmonizam a sua casa. Estes espa\u00e7os est\u00e3o relacionados com a contempla\u00e7\u00e3o e actividades relacionadas com o nosso bem estar. Boat Cougar 52 [&hellip;]<\/p>\n","protected":false},"author":1,"featured_media":0,"parent":0,"menu_order":9,"comment_status":"closed","ping_status":"closed","template":"elementor_header_footer","meta":{"footnotes":""},"class_list":["post-13185","page","type-page","status-publish","hentry"],"_links":{"self":[{"href":"https:\/\/www.titosampaio.com\/web\/es\/wp-json\/wp\/v2\/pages\/13185","targetHints":{"allow":["GET"]}}],"collection":[{"href":"https:\/\/www.titosampaio.com\/web\/es\/wp-json\/wp\/v2\/pages"}],"about":[{"href":"https:\/\/www.titosampaio.com\/web\/es\/wp-json\/wp\/v2\/types\/page"}],"author":[{"embeddable":true,"href":"https:\/\/www.titosampaio.com\/web\/es\/wp-json\/wp\/v2\/users\/1"}],"replies":[{"embeddable":true,"href":"https:\/\/www.titosampaio.com\/web\/es\/wp-json\/wp\/v2\/comments?post=13185"}],"version-history":[{"count":23,"href":"https:\/\/www.titosampaio.com\/web\/es\/wp-json\/wp\/v2\/pages\/13185\/revisions"}],"predecessor-version":[{"id":14737,"href":"https:\/\/www.titosampaio.com\/web\/es\/wp-json\/wp\/v2\/pages\/13185\/revisions\/14737"}],"wp:attachment":[{"href":"https:\/\/www.titosampaio.com\/web\/es\/wp-json\/wp\/v2\/media?parent=13185"}],"curies":[{"name":"wp","href":"https:\/\/api.w.org\/{rel}","templated":true}]}}