{"id":3,"date":"2022-03-07T21:58:08","date_gmt":"2022-03-07T21:58:08","guid":{"rendered":"https:\/\/www.titosampaio.com\/web\/?page_id=3"},"modified":"2025-03-29T23:59:14","modified_gmt":"2025-03-29T23:59:14","slug":"politica-de-privacidade","status":"publish","type":"page","link":"https:\/\/www.titosampaio.com\/web\/politica-de-privacidade\/","title":{"rendered":"Pol\u00edtica de privacidade"},"content":{"rendered":"\t\t<div data-elementor-type=\"wp-page\" data-elementor-id=\"3\" class=\"elementor elementor-3\" data-elementor-post-type=\"page\">\n\t\t\t\t<div class=\"elementor-element elementor-element-22dc4633 e-flex e-con-boxed e-con e-parent\" data-id=\"22dc4633\" data-element_type=\"container\" data-e-type=\"container\">\n\t\t\t\t\t<div class=\"e-con-inner\">\n\t\t\t\t<div class=\"elementor-element elementor-element-fb3dba0 elementor-widget elementor-widget-heading\" data-id=\"fb3dba0\" data-element_type=\"widget\" data-e-type=\"widget\" data-widget_type=\"heading.default\">\n\t\t\t\t<div class=\"elementor-widget-container\">\n\t\t\t\t\t<p class=\"elementor-heading-title elementor-size-default\">Pol\u00edtica de privacidade<\/p>\t\t\t\t<\/div>\n\t\t\t\t<\/div>\n\t\t\t\t<div class=\"elementor-element elementor-element-d408406 elementor-widget elementor-widget-text-editor\" data-id=\"d408406\" data-element_type=\"widget\" data-e-type=\"widget\" data-widget_type=\"text-editor.default\">\n\t\t\t\t<div class=\"elementor-widget-container\">\n\t\t\t\t\t\t\t\t\t<p>A presente Pol\u00edtica de Privacidade estabelece os termos em que o site titosampaio.com utiliza e protege as informa\u00e7\u00f5es fornecidas pelos seus utilizadores ao acederem ao seu website. Esta entidade est\u00e1 comprometida com a seguran\u00e7a dos dados dos seus utilizadores. Quando lhe pedimos que preencha os campos de informa\u00e7\u00f5es pessoais com os quais pode ser identificado, fazemo-lo garantindo que apenas ser\u00e3o utilizadas de acordo com os termos deste documento. No entanto, esta Pol\u00edtica de Privacidade pode mudar ao longo do tempo ou ser atualizada, pelo que recomendamos e enfatizamos a revis\u00e3o cont\u00ednua desta p\u00e1gina para garantir que concorda com tais altera\u00e7\u00f5es.<\/p><p>Recolha de dados<\/p><p>O nosso website pode recolher informa\u00e7\u00f5es pessoais como nome, informa\u00e7\u00f5es de contato, como o seu endere\u00e7o de e-mail, e informa\u00e7\u00f5es demogr\u00e1ficas, como a sua localiza\u00e7\u00e3o. Tamb\u00e9m, quando necess\u00e1rio, o website recolhe informa\u00e7\u00f5es espec\u00edficas que podem ser fundamentais para processar uma encomenda ou fazer uma entrega ou fatura\u00e7\u00e3o.<\/p><p>Utiliza\u00e7\u00e3o de informa\u00e7\u00e3o recolhida<\/p><p>O nosso website utiliza a informa\u00e7\u00e3o de forma a prestar o melhor servi\u00e7o poss\u00edvel, os e-mails podem ser enviados periodicamente atrav\u00e9s do nosso website com informa\u00e7\u00f5es publicit\u00e1rias que consideremos relevantes para si ou que lhe possam fornecer qualquer benef\u00edcio, Estes e-mails ser\u00e3o enviados para o endere\u00e7o que fornecer e podem ser cancelados a qualquer momento por pedido escrito para o e-mail: info@titosampaio.com.<\/p><p>O site www.titosampaio.com compromete-se a manter a sua informa\u00e7\u00e3o segura utilizando os sistemas mais avan\u00e7ados e atualizando constantemente estes para garantir que n\u00e3o existe acesso n\u00e3o autorizado.<\/p><p>Cookies<\/p><p>Um cookie refere-se a um ficheiro que \u00e9 enviado com o prop\u00f3sito de solicitar permiss\u00e3o de armazenamento de informa\u00e7\u00f5es do internauta no nosso banco de dados. Por exemplo, um cookie pode ser usado para guardar informa\u00e7\u00e3o de registo numa \u00e1rea do website de modo que o utilizador n\u00e3o tenha de a voltar a fornecer numa pr\u00f3xima visita a esta \u00e1rea. \u00c9 pol\u00edtica de privacidade usar cookies para facilitar a navega\u00e7\u00e3o dos utilizadores no nosso website, bem como para auxiliar os procedimentos de registo eficiente.<\/p><p>Se a utiliza\u00e7\u00e3o de cookies o\/a preocupar, muitos browsers permitem rejeit\u00e1-los. Na maioria dos casos, um utilizador pode recusar um cookie e continuar a navegar nos websites.<\/p><p>De forma a gerir o nosso website, podemos registar informa\u00e7\u00e3o de forma an\u00f3nima nos nossos sistemas operativos, identificando categorias de utilizadores por itens tais como dom\u00ednios ou tipos de browsers. Estas estat\u00edsticas s\u00e3o comunicadas, em conjunto, ao nosso administrador web. Desta forma, asseguramos que o nosso website concede a melhor experi\u00eancia web aos utilizadores, sendo um recurso de informa\u00e7\u00e3o eficaz.<\/p><p>Hiperliga\u00e7\u00f5es a terceiros<\/p><p>Este website pode conter liga\u00e7\u00f5es com outros websites que possam ser do seu interesse. Assim que clicar nestes links e sair do nosso website, deixamos de ter controlo sobre o website para o qual \u00e9 redirecionado e, portanto, o site www.titosampaio.com deixa de ser respons\u00e1vel pelos termos ou privacidade ou ainda pela prote\u00e7\u00e3o dos seus dados. Tais websites est\u00e3o sujeitos \u00e0s suas pr\u00f3prias pol\u00edticas de privacidade, pelo que \u00e9 aconselh\u00e1vel consult\u00e1-los para confirmar que concorda com eles.<\/p><p>Terceiros<\/p><p>Esta entidade n\u00e3o vender\u00e1, atribuir\u00e1 ou distribuir\u00e1 informa\u00e7\u00f5es pessoais que sejam recolhidas sem o seu consentimento, a menos que seja exigido por um ju\u00edz, com uma ordem judicial.<\/p><p>Acesso<\/p><p>A qualquer momento poder\u00e1 restringir a recolha ou utiliza\u00e7\u00e3o de informa\u00e7\u00f5es pessoais que sejam fornecidas no nosso website. Sempre que lhe \u00e9 pedido que preencha um formul\u00e1rio, como o registo do utilizador, pode verificar ou desmarcar a op\u00e7\u00e3o de receber informa\u00e7\u00f5es por e-mail. Caso tenha verificado a op\u00e7\u00e3o de receber a nossa newsletter ou publicidade, pode, a qualquer momento, cancel\u00e1-la.<\/p><p>Modifica\u00e7\u00f5es<\/p><p>O site www.titosampaio.com reserva-se o direito de, a qualquer momento, alterar os termos desta Pol\u00edtica de Privacidade pelo que se aconselha a consulta desta com alguma periodicidade.<\/p>\t\t\t\t\t\t\t\t<\/div>\n\t\t\t\t<\/div>\n\t\t\t\t\t<\/div>\n\t\t\t\t<\/div>\n\t\t\t\t<\/div>\n\t\t","protected":false},"excerpt":{"rendered":"<p>Pol\u00edtica de privacidade A presente Pol\u00edtica de Privacidade estabelece os termos em que o site titosampaio.com utiliza e protege as informa\u00e7\u00f5es fornecidas pelos seus utilizadores ao acederem ao seu website. Esta entidade est\u00e1 comprometida com a seguran\u00e7a dos dados dos seus utilizadores. Quando lhe pedimos que preencha os campos de informa\u00e7\u00f5es pessoais com os quais [&hellip;]<\/p>\n","protected":false},"author":1,"featured_media":0,"parent":0,"menu_order":12,"comment_status":"closed","ping_status":"open","template":"elementor_header_footer","meta":{"footnotes":""},"class_list":["post-3","page","type-page","status-publish","hentry"],"_links":{"self":[{"href":"https:\/\/www.titosampaio.com\/web\/wp-json\/wp\/v2\/pages\/3","targetHints":{"allow":["GET"]}}],"collection":[{"href":"https:\/\/www.titosampaio.com\/web\/wp-json\/wp\/v2\/pages"}],"about":[{"href":"https:\/\/www.titosampaio.com\/web\/wp-json\/wp\/v2\/types\/page"}],"author":[{"embeddable":true,"href":"https:\/\/www.titosampaio.com\/web\/wp-json\/wp\/v2\/users\/1"}],"replies":[{"embeddable":true,"href":"https:\/\/www.titosampaio.com\/web\/wp-json\/wp\/v2\/comments?post=3"}],"version-history":[{"count":4,"href":"https:\/\/www.titosampaio.com\/web\/wp-json\/wp\/v2\/pages\/3\/revisions"}],"predecessor-version":[{"id":14066,"href":"https:\/\/www.titosampaio.com\/web\/wp-json\/wp\/v2\/pages\/3\/revisions\/14066"}],"wp:attachment":[{"href":"https:\/\/www.titosampaio.com\/web\/wp-json\/wp\/v2\/media?parent=3"}],"curies":[{"name":"wp","href":"https:\/\/api.w.org\/{rel}","templated":true}]}}