{"id":7765,"date":"2024-04-17T13:35:36","date_gmt":"2024-04-17T13:35:36","guid":{"rendered":"https:\/\/www.titosampaio.com\/web\/?page_id=7765"},"modified":"2025-06-30T10:08:22","modified_gmt":"2025-06-30T10:08:22","slug":"tito-sampaio-designer-de-interiores","status":"publish","type":"page","link":"https:\/\/www.titosampaio.com\/web\/tito-sampaio-designer-de-interiores\/","title":{"rendered":"Tito Sampaio"},"content":{"rendered":"\t\t<div data-elementor-type=\"wp-page\" data-elementor-id=\"7765\" class=\"elementor elementor-7765\" data-elementor-post-type=\"page\">\n\t\t\t\t<div class=\"elementor-element elementor-element-f49ae4a e-flex e-con-boxed e-con e-parent\" data-id=\"f49ae4a\" data-element_type=\"container\" data-e-type=\"container\" data-settings=\"{&quot;background_background&quot;:&quot;classic&quot;}\">\n\t\t\t\t\t<div class=\"e-con-inner\">\n\t\t<div class=\"elementor-element elementor-element-6bd995a e-con-full e-flex e-con e-child\" data-id=\"6bd995a\" data-element_type=\"container\" data-e-type=\"container\" data-settings=\"{&quot;background_background&quot;:&quot;classic&quot;}\">\n\t\t<div class=\"elementor-element elementor-element-1723ed1 e-con-full e-flex e-con e-child\" data-id=\"1723ed1\" data-element_type=\"container\" data-e-type=\"container\" data-settings=\"{&quot;background_background&quot;:&quot;classic&quot;}\">\n\t\t\t\t<div class=\"elementor-element elementor-element-614a1e3 elementor-widget elementor-widget-image\" data-id=\"614a1e3\" data-element_type=\"widget\" data-e-type=\"widget\" data-widget_type=\"image.default\">\n\t\t\t\t<div class=\"elementor-widget-container\">\n\t\t\t\t\t\t\t\t\t\t\t\t\t\t\t<img fetchpriority=\"high\" decoding=\"async\" width=\"500\" height=\"750\" src=\"https:\/\/www.titosampaio.com\/web\/wp-content\/uploads\/2025\/03\/tito-sampaio-interior-designer-2.jpg\" class=\"attachment-full size-full wp-image-14120\" alt=\"\" srcset=\"https:\/\/www.titosampaio.com\/web\/wp-content\/uploads\/2025\/03\/tito-sampaio-interior-designer-2.jpg 500w, https:\/\/www.titosampaio.com\/web\/wp-content\/uploads\/2025\/03\/tito-sampaio-interior-designer-2-200x300.jpg 200w, https:\/\/www.titosampaio.com\/web\/wp-content\/uploads\/2025\/03\/tito-sampaio-interior-designer-2-8x12.jpg 8w\" sizes=\"(max-width: 500px) 100vw, 500px\" \/>\t\t\t\t\t\t\t\t\t\t\t\t\t\t\t<\/div>\n\t\t\t\t<\/div>\n\t\t\t\t<\/div>\n\t\t<div class=\"elementor-element elementor-element-da1ec15 e-con-full e-flex e-con e-child\" data-id=\"da1ec15\" data-element_type=\"container\" data-e-type=\"container\" data-settings=\"{&quot;background_background&quot;:&quot;classic&quot;}\">\n\t\t\t\t<div class=\"elementor-element elementor-element-eea234a elementor-widget elementor-widget-heading\" data-id=\"eea234a\" data-element_type=\"widget\" data-e-type=\"widget\" data-widget_type=\"heading.default\">\n\t\t\t\t<div class=\"elementor-widget-container\">\n\t\t\t\t\t<h2 class=\"elementor-heading-title elementor-size-default\">Tito Sampaio<\/h2>\t\t\t\t<\/div>\n\t\t\t\t<\/div>\n\t\t\t\t<div class=\"elementor-element elementor-element-eb4573b elementor-widget elementor-widget-heading\" data-id=\"eb4573b\" data-element_type=\"widget\" data-e-type=\"widget\" data-widget_type=\"heading.default\">\n\t\t\t\t<div class=\"elementor-widget-container\">\n\t\t\t\t\t<h4 class=\"elementor-heading-title elementor-size-default\">Interior designer<br><\/h4>\t\t\t\t<\/div>\n\t\t\t\t<\/div>\n\t\t\t\t<div class=\"elementor-element elementor-element-43d7768 elementor-widget elementor-widget-text-editor\" data-id=\"43d7768\" data-element_type=\"widget\" data-e-type=\"widget\" data-widget_type=\"text-editor.default\">\n\t\t\t\t<div class=\"elementor-widget-container\">\n\t\t\t\t\t\t\t\t\t<p>Tito Sampaio desenvolve a sua actividade desde os anos 80 tendo realizado projectos residenciais e na \u00e1rea de comercio e servi\u00e7os.<\/p><p>Graduou-se em Arquitectura de Interiores e Mobili\u00e1rio pela ESAD &#8211; Funda\u00e7\u00e3o Ricardo Esp\u00edrito Santo Silva, onde tamb\u00e9m foi docente nos graus de Licenciatura e Mestrado.<\/p><p>Colaborou, nos 5 anos ap\u00f3s a sua gradua\u00e7\u00e3o, com os ateliers do Arquitecto H\u00e9lder Carita e de Maria Jos\u00e9 Salavisa.<\/p><p>Foi, durante tr\u00eas d\u00e9cadas, s\u00f3cio e director do Departamento de Arquitectura de Interiores da CEDEC, Centro de Decora\u00e7\u00f5es.<\/p><p>Realizou projectos e obras em Portugal e fora do pa\u00eds.<br \/>No \u00e2mbito dos servi\u00e7os prestados assegura a coordena\u00e7\u00e3o com equipas e parceiros externos nas \u00e1reas t\u00e9cnicas, junto dos empreiteiros, fornecedores de materiais de acabamento e decora\u00e7\u00e3o, garantindo desta forma a seguran\u00e7a e o sucesso na concretiza\u00e7\u00e3o das v\u00e1rias fases de projecto e obra.<\/p>\t\t\t\t\t\t\t\t<\/div>\n\t\t\t\t<\/div>\n\t\t\t\t<\/div>\n\t\t\t\t<\/div>\n\t\t\t\t\t<\/div>\n\t\t\t\t<\/div>\n\t\t<div class=\"elementor-element elementor-element-be38fe2 e-flex e-con-boxed e-con e-parent\" data-id=\"be38fe2\" data-element_type=\"container\" data-e-type=\"container\" data-settings=\"{&quot;background_background&quot;:&quot;classic&quot;}\">\n\t\t\t\t\t<div class=\"e-con-inner\">\n\t\t<div class=\"elementor-element elementor-element-64d0a58 e-con-full e-flex e-con e-child\" data-id=\"64d0a58\" data-element_type=\"container\" data-e-type=\"container\">\n\t\t<div class=\"elementor-element elementor-element-86d0b2b e-con-full e-flex e-con e-child\" data-id=\"86d0b2b\" data-element_type=\"container\" data-e-type=\"container\">\n\t\t<div class=\"elementor-element elementor-element-31c95fc e-con-full e-flex e-con e-child\" data-id=\"31c95fc\" data-element_type=\"container\" data-e-type=\"container\">\n\t\t\t\t<div class=\"elementor-element elementor-element-b5aacca elementor-widget elementor-widget-heading\" data-id=\"b5aacca\" data-element_type=\"widget\" data-e-type=\"widget\" data-widget_type=\"heading.default\">\n\t\t\t\t<div class=\"elementor-widget-container\">\n\t\t\t\t\t<h2 class=\"elementor-heading-title elementor-size-default\">Tem um projecto de arquitectura ou design de interiores?<\/h2>\t\t\t\t<\/div>\n\t\t\t\t<\/div>\n\t\t\t\t<div class=\"elementor-element elementor-element-b6e8f10 elementor-widget elementor-widget-heading\" data-id=\"b6e8f10\" data-element_type=\"widget\" data-e-type=\"widget\" data-widget_type=\"heading.default\">\n\t\t\t\t<div class=\"elementor-widget-container\">\n\t\t\t\t\t<h3 class=\"elementor-heading-title elementor-size-default\">Fale connosco.<br>\nJuntos encontraremos a solu\u00e7\u00e3o ideal para a concretiza\u00e7\u00e3o da sua ideia.<\/h3>\t\t\t\t<\/div>\n\t\t\t\t<\/div>\n\t\t<div class=\"elementor-element elementor-element-014e940 e-con-full e-flex e-con e-child\" data-id=\"014e940\" data-element_type=\"container\" data-e-type=\"container\">\n\t\t\t\t<div class=\"elementor-element elementor-element-4783a5e elementor-widget-tablet__width-initial elementor-widget-mobile__width-inherit elementor-widget elementor-widget-heading\" data-id=\"4783a5e\" data-element_type=\"widget\" data-e-type=\"widget\" data-widget_type=\"heading.default\">\n\t\t\t\t<div class=\"elementor-widget-container\">\n\t\t\t\t\t<h3 class=\"elementor-heading-title elementor-size-default\">Contactos directos<\/h3>\t\t\t\t<\/div>\n\t\t\t\t<\/div>\n\t\t\t\t<div class=\"elementor-element elementor-element-be57f1f elementor-icon-list--layout-traditional elementor-list-item-link-full_width elementor-widget elementor-widget-icon-list\" data-id=\"be57f1f\" data-element_type=\"widget\" data-e-type=\"widget\" data-widget_type=\"icon-list.default\">\n\t\t\t\t<div class=\"elementor-widget-container\">\n\t\t\t\t\t\t\t<ul class=\"elementor-icon-list-items\">\n\t\t\t\t\t\t\t<li class=\"elementor-icon-list-item\">\n\t\t\t\t\t\t\t\t\t\t<span class=\"elementor-icon-list-text\">351 926 707 198<\/span>\n\t\t\t\t\t\t\t\t\t<\/li>\n\t\t\t\t\t\t\t\t<li class=\"elementor-icon-list-item\">\n\t\t\t\t\t\t\t\t\t\t\t<a href=\"mailto:info@titosampaio.com\">\n\n\t\t\t\t\t\t\t\t\t\t\t<span class=\"elementor-icon-list-text\">info@titosampaio.com<\/span>\n\t\t\t\t\t\t\t\t\t\t\t<\/a>\n\t\t\t\t\t\t\t\t\t<\/li>\n\t\t\t\t\t\t<\/ul>\n\t\t\t\t\t\t<\/div>\n\t\t\t\t<\/div>\n\t\t<div class=\"elementor-element elementor-element-3c4edb8 e-con-full e-flex e-con e-child\" data-id=\"3c4edb8\" data-element_type=\"container\" data-e-type=\"container\">\n\t\t\t\t<div class=\"elementor-element elementor-element-ac5e3e5 elementor-widget-tablet__width-initial elementor-widget-mobile__width-inherit elementor-widget elementor-widget-heading\" data-id=\"ac5e3e5\" data-element_type=\"widget\" data-e-type=\"widget\" data-widget_type=\"heading.default\">\n\t\t\t\t<div class=\"elementor-widget-container\">\n\t\t\t\t\t<h3 class=\"elementor-heading-title elementor-size-default\">Morada<\/h3>\t\t\t\t<\/div>\n\t\t\t\t<\/div>\n\t\t\t\t<div class=\"elementor-element elementor-element-2d93717 elementor-icon-list--layout-traditional elementor-list-item-link-full_width elementor-widget elementor-widget-icon-list\" data-id=\"2d93717\" data-element_type=\"widget\" data-e-type=\"widget\" data-widget_type=\"icon-list.default\">\n\t\t\t\t<div class=\"elementor-widget-container\">\n\t\t\t\t\t\t\t<ul class=\"elementor-icon-list-items\">\n\t\t\t\t\t\t\t<li class=\"elementor-icon-list-item\">\n\t\t\t\t\t\t\t\t\t\t<span class=\"elementor-icon-list-text\">DNA Cascais<br>Cruz da Popa, 2645-449 Cascais<\/span>\n\t\t\t\t\t\t\t\t\t<\/li>\n\t\t\t\t\t\t<\/ul>\n\t\t\t\t\t\t<\/div>\n\t\t\t\t<\/div>\n\t\t\t\t<\/div>\n\t\t\t\t<\/div>\n\t\t\t\t<\/div>\n\t\t\t\t<\/div>\n\t\t\t\t<\/div>\n\t\t\t\t\t<\/div>\n\t\t\t\t<\/div>\n\t\t\t\t<\/div>\n\t\t","protected":false},"excerpt":{"rendered":"<p>Tito Sampaio Interior designer Tito Sampaio desenvolve a sua actividade desde os anos 80 tendo realizado projectos residenciais e na \u00e1rea de comercio e servi\u00e7os. Graduou-se em Arquitectura de Interiores e Mobili\u00e1rio pela ESAD &#8211; Funda\u00e7\u00e3o Ricardo Esp\u00edrito Santo Silva, onde tamb\u00e9m foi docente nos graus de Licenciatura e Mestrado. Colaborou, nos 5 anos ap\u00f3s [&hellip;]<\/p>\n","protected":false},"author":1,"featured_media":0,"parent":0,"menu_order":1,"comment_status":"closed","ping_status":"closed","template":"elementor_header_footer","meta":{"footnotes":""},"class_list":["post-7765","page","type-page","status-publish","hentry"],"_links":{"self":[{"href":"https:\/\/www.titosampaio.com\/web\/wp-json\/wp\/v2\/pages\/7765","targetHints":{"allow":["GET"]}}],"collection":[{"href":"https:\/\/www.titosampaio.com\/web\/wp-json\/wp\/v2\/pages"}],"about":[{"href":"https:\/\/www.titosampaio.com\/web\/wp-json\/wp\/v2\/types\/page"}],"author":[{"embeddable":true,"href":"https:\/\/www.titosampaio.com\/web\/wp-json\/wp\/v2\/users\/1"}],"replies":[{"embeddable":true,"href":"https:\/\/www.titosampaio.com\/web\/wp-json\/wp\/v2\/comments?post=7765"}],"version-history":[{"count":27,"href":"https:\/\/www.titosampaio.com\/web\/wp-json\/wp\/v2\/pages\/7765\/revisions"}],"predecessor-version":[{"id":14838,"href":"https:\/\/www.titosampaio.com\/web\/wp-json\/wp\/v2\/pages\/7765\/revisions\/14838"}],"wp:attachment":[{"href":"https:\/\/www.titosampaio.com\/web\/wp-json\/wp\/v2\/media?parent=7765"}],"curies":[{"name":"wp","href":"https:\/\/api.w.org\/{rel}","templated":true}]}}